{"id":1859,"date":"2017-10-17T13:10:33","date_gmt":"2017-10-17T12:10:33","guid":{"rendered":"https:\/\/ovellanegramarina2.misterads.es\/localizacion\/"},"modified":"2023-10-25T12:54:06","modified_gmt":"2023-10-25T11:54:06","slug":"localizacio","status":"publish","type":"page","link":"https:\/\/ovellanegramarina.com\/ca\/localizacio\/","title":{"rendered":"Localizaci\u00f3"},"content":{"rendered":"\n<style type=\"text\/css\" data-created_by=\"avia_inline_auto\" id=\"style-css-av-llm4xttx-a63411141778cf62fd207ae7ce44759b\">\n.avia-section.av-llm4xttx-a63411141778cf62fd207ae7ce44759b{\nbackground-repeat:no-repeat;\nbackground-image:url(https:\/\/ovellanegramarina.com\/wp-content\/uploads\/2023\/10\/encabezado-pagina-localizacion-2-scaled.jpg);\nbackground-position:50% 50%;\nbackground-attachment:scroll;\n}\n.avia-section.av-llm4xttx-a63411141778cf62fd207ae7ce44759b .av-section-color-overlay{\nopacity:0.4;\nbackground-color:#000000;\n}\n<\/style>\n<div id='av_section_1'  class='avia-section av-llm4xttx-a63411141778cf62fd207ae7ce44759b main_color avia-section-huge avia-no-border-styling  avia-builder-el-0  el_before_av_section  avia-builder-el-first  avia-full-stretch avia-bg-style-scroll av-section-color-overlay-active container_wrap fullsize'  data-section-bg-repeat='stretch'><div class=\"av-section-color-overlay-wrap\"><div class=\"av-section-color-overlay\"><\/div><div class='container av-section-cont-open' ><main  role=\"main\" itemprop=\"mainContentOfPage\"  class='template-page content  av-content-full alpha units'><div class='post-entry post-entry-type-page post-entry-1859'><div class='entry-content-wrapper clearfix'>\n\n<style type=\"text\/css\" data-created_by=\"avia_inline_auto\" id=\"style-css-av-llm4wvn6-29332cf6769d608d23baebdcac8d161b\">\n#top .av-special-heading.av-llm4wvn6-29332cf6769d608d23baebdcac8d161b{\npadding-bottom:0;\nfont-size:90px;\n}\nbody .av-special-heading.av-llm4wvn6-29332cf6769d608d23baebdcac8d161b .av-special-heading-tag .heading-char{\nfont-size:25px;\n}\n#top #wrap_all .av-special-heading.av-llm4wvn6-29332cf6769d608d23baebdcac8d161b .av-special-heading-tag{\nfont-size:90px;\n}\n.av-special-heading.av-llm4wvn6-29332cf6769d608d23baebdcac8d161b .av-subheading{\nfont-size:15px;\n}\n\n@media only screen and (min-width: 990px){ \n#top #wrap_all .av-special-heading.av-llm4wvn6-29332cf6769d608d23baebdcac8d161b .av-special-heading-tag{\nfont-size:90px;\n}\n}\n\n@media only screen and (min-width: 768px) and (max-width: 989px){ \n#top #wrap_all .av-special-heading.av-llm4wvn6-29332cf6769d608d23baebdcac8d161b .av-special-heading-tag{\nfont-size:70px;\n}\n}\n\n@media only screen and (min-width: 480px) and (max-width: 767px){ \n#top #wrap_all .av-special-heading.av-llm4wvn6-29332cf6769d608d23baebdcac8d161b .av-special-heading-tag{\nfont-size:70px;\n}\n}\n\n@media only screen and (max-width: 479px){ \n#top #wrap_all .av-special-heading.av-llm4wvn6-29332cf6769d608d23baebdcac8d161b .av-special-heading-tag{\nfont-size:50px;\n}\n}\n<\/style>\n<div  class='av-special-heading av-llm4wvn6-29332cf6769d608d23baebdcac8d161b av-special-heading-h3 blockquote modern-quote modern-centered  avia-builder-el-1  avia-builder-el-no-sibling  av-inherit-size'><h3 class='av-special-heading-tag '  itemprop=\"headline\"  >Localizaci\u00f3<\/h3><div class=\"special-heading-border\"><div class=\"special-heading-inner-border\"><\/div><\/div><\/div>\n\n<\/div><\/div><\/main><!-- close content main element --><\/div><\/div><\/div>\n<style type=\"text\/css\" data-created_by=\"avia_inline_auto\" id=\"style-css-av-76pne-c35eb6d7c7c29b865b75007b12f47d6b\">\n.avia-section.av-76pne-c35eb6d7c7c29b865b75007b12f47d6b{\nbackground-repeat:no-repeat;\nbackground-image:url(https:\/\/ovellanegramarina.com\/wp-content\/uploads\/2023\/07\/DSC07721-min-scaled.jpg);\nbackground-position:50% 50%;\nbackground-attachment:scroll;\n}\n.avia-section.av-76pne-c35eb6d7c7c29b865b75007b12f47d6b .av-section-color-overlay{\nopacity:0.8;\nbackground-color:#ffab04;\n}\n<\/style>\n<div id='av_section_2'  class='avia-section av-76pne-c35eb6d7c7c29b865b75007b12f47d6b main_color avia-section-default avia-no-border-styling  avia-builder-el-2  el_after_av_section  avia-builder-el-last  avia-full-stretch avia-bg-style-scroll av-section-color-overlay-active container_wrap fullsize'  data-section-bg-repeat='stretch'><div class=\"av-section-color-overlay-wrap\"><div class=\"av-section-color-overlay\"><\/div><div class='container av-section-cont-open' ><div class='template-page content  av-content-full alpha units'><div class='post-entry post-entry-type-page post-entry-1859'><div class='entry-content-wrapper clearfix'>\n<div class='flex_column_table av-fow0y-3b824e0e9096d3ee573772e4068be6b3 sc-av_one_half av-equal-height-column-flextable'><div  class='flex_column av-fow0y-3b824e0e9096d3ee573772e4068be6b3 av_one_half  avia-builder-el-3  el_before_av_one_half  avia-builder-el-first  first flex_column_table_cell av-equal-height-column av-align-middle  '     ><p>\n<style type=\"text\/css\" data-created_by=\"avia_inline_auto\" id=\"style-css-av-llw1t2r4-4a7d235235f9712efced46f91774f9c2\">\n#top .av-special-heading.av-llw1t2r4-4a7d235235f9712efced46f91774f9c2{\npadding-bottom:0;\ncolor:#000000;\n}\nbody .av-special-heading.av-llw1t2r4-4a7d235235f9712efced46f91774f9c2 .av-special-heading-tag .heading-char{\nfont-size:25px;\n}\n.av-special-heading.av-llw1t2r4-4a7d235235f9712efced46f91774f9c2 .special-heading-inner-border{\nborder-color:#000000;\n}\n.av-special-heading.av-llw1t2r4-4a7d235235f9712efced46f91774f9c2 .av-subheading{\nfont-size:15px;\n}\n<\/style>\n<div  class='av-special-heading av-llw1t2r4-4a7d235235f9712efced46f91774f9c2 av-special-heading-h2 custom-color-heading blockquote modern-quote  avia-builder-el-4  el_before_av_textblock  avia-builder-el-first '><h2 class='av-special-heading-tag '  itemprop=\"headline\"  >Vine a passar-ho b\u00e9<\/h2><div class=\"special-heading-border\"><div class=\"special-heading-inner-border\"><\/div><\/div><\/div><br \/>\n\n<style type=\"text\/css\" data-created_by=\"avia_inline_auto\" id=\"style-css-av-llw1trvf-9789fa873d5c51c7abe7966de41d422d\">\n#top .av_textblock_section.av-llw1trvf-9789fa873d5c51c7abe7966de41d422d .avia_textblock{\ncolor:#000000;\n}\n<\/style>\n<section  class='av_textblock_section av-llw1trvf-9789fa873d5c51c7abe7966de41d422d '   itemscope=\"itemscope\" itemtype=\"https:\/\/schema.org\/CreativeWork\" ><div class='avia_textblock av_inherit_color'  itemprop=\"text\" ><p>On cada celebraci\u00f3 pren vida: el teu dest\u00ed d&#8217;alegria a Barcelona.<\/p>\n<p>Ens trobareu al costat de les estacions de metro de Bogatell (L4) i Marina (L1). La parada d&#8217;autobusos m\u00e9s propera \u00e9s a Pallars-Zamora i passen les l\u00ednies 6, H14 i N11.<\/p>\n<blockquote>\n<p><strong>Adre\u00e7a<\/strong> Carrer Zamora 78, 08018 Barcelona.<\/p>\n<\/blockquote>\n<p>Per a m\u00e9s informaci\u00f3 ens pots trucar al<\/p>\n<blockquote>\n<p><strong>Tel\u00e8fon<\/strong> 933 09 59 38<\/p>\n<\/blockquote>\n<p>Uneix-te a la festa a la nostra ubicaci\u00f3 \u00fanica i deixa&#8217;t portar per l&#8217;emoci\u00f3!<\/p>\n<\/div><\/section><\/p><\/div><div class='av-flex-placeholder'><\/div>\n<style type=\"text\/css\" data-created_by=\"avia_inline_auto\" id=\"style-css-av-7myiy-860916a0c4e2968b72ebf1c2fecf7fb2\">\n.flex_column.av-7myiy-860916a0c4e2968b72ebf1c2fecf7fb2{\nborder-radius:2px 2px 2px 2px;\nbackground-color:#000000;\n}\n<\/style>\n<div  class='flex_column av-7myiy-860916a0c4e2968b72ebf1c2fecf7fb2 av_one_half  avia-builder-el-6  el_after_av_one_half  avia-builder-el-last  flex_column_table_cell av-equal-height-column av-align-middle avia-link-column av-column-link avia-link-column-hover  '    data-link-column-url=\"https:\/\/www.google.com\/maps\/dir\/\/oveja+negra+marina\/@41.3958508,2.1490424,13z\/data=!3m1!5s0x12a4a3195c9d9a83:0x23663980ccb77f17!4m8!4m7!1m0!1m5!1m1!1s0x12a4a3195c0af997:0xe87fb2b71913aad1!2m2!1d2.1902418!2d41.3958581?entry=ttu\"  data-link-column-target=\"_blank\"   ><a class=\"av-screen-reader-only\" href=https:\/\/www.google.com\/maps\/dir\/\/oveja+negra+marina\/@41.3958508,2.1490424,13z\/data=!3m1!5s0x12a4a3195c9d9a83:0x23663980ccb77f17!4m8!4m7!1m0!1m5!1m1!1s0x12a4a3195c0af997:0xe87fb2b71913aad1!2m2!1d2.1902418!2d41.3958581?entry=ttu  target=\"_blank\" >Follow a manual added link<\/a><div  class='av_gmaps_sc_main_wrap av_gmaps_main_wrap '><div id='av_gmap_0' class='avia-google-map-container avia-google-map-sc av_gmaps_show_unconditionally av-no-fallback-img ' data-mapid='av_gmap_0'  style='height: 400px;'><a class=\"av_gmaps_browser_disabled av_text_confirm_link av_text_confirm_link_visible\" href=\"https:\/\/www.google.com\/maps\/search\/?api=1&#038;query=Carrer%20de%20Zamora,%2078%20%2008018%20%20Barcelona%20Barcelona%20Espa\u00f1a\" target=\"_blank\">Maps were disabled by the visitor on this site. Click to open the map in a new window.<\/a><\/div><\/div><\/div><\/div><!--close column table wrapper. Autoclose: 1 -->\n\n","protected":false},"excerpt":{"rendered":"","protected":false},"author":1,"featured_media":0,"parent":0,"menu_order":0,"comment_status":"closed","ping_status":"closed","template":"","meta":{"footnotes":""},"class_list":["post-1859","page","type-page","status-publish","hentry"],"yoast_head":"<!-- This site is optimized with the Yoast SEO plugin v27.3 - https:\/\/yoast.com\/product\/yoast-seo-wordpress\/ -->\n<title>Localizaci\u00f3 - Ovella Negra Marina<\/title>\n<meta name=\"description\" content=\"Ubicaci\u00f3 de l&#039;Ovella Negra a Barcelona. Troba&#039;ns i gaudeix de moments inoblidables al cor de la ciutat amb els teus amics.\" \/>\n<meta name=\"robots\" content=\"index, follow, max-snippet:-1, max-image-preview:large, max-video-preview:-1\" \/>\n<link rel=\"canonical\" href=\"https:\/\/ovellanegramarina.com\/ca\/localizacio\/\" \/>\n<meta property=\"og:locale\" content=\"ca_ES\" \/>\n<meta property=\"og:type\" content=\"article\" \/>\n<meta property=\"og:title\" content=\"Localizaci\u00f3 - Ovella Negra Marina\" \/>\n<meta property=\"og:description\" content=\"Ubicaci\u00f3 de l&#039;Ovella Negra a Barcelona. Troba&#039;ns i gaudeix de moments inoblidables al cor de la ciutat amb els teus amics.\" \/>\n<meta property=\"og:url\" content=\"https:\/\/ovellanegramarina.com\/ca\/localizacio\/\" \/>\n<meta property=\"og:site_name\" content=\"Ovella Negra Marina\" \/>\n<meta property=\"article:modified_time\" content=\"2023-10-25T11:54:06+00:00\" \/>\n<meta name=\"twitter:card\" content=\"summary_large_image\" \/>\n<meta name=\"twitter:label1\" content=\"Temps estimat de lectura\" \/>\n\t<meta name=\"twitter:data1\" content=\"3 minuts\" \/>\n<script type=\"application\/ld+json\" class=\"yoast-schema-graph\">{\"@context\":\"https:\\\/\\\/schema.org\",\"@graph\":[{\"@type\":\"WebPage\",\"@id\":\"https:\\\/\\\/ovellanegramarina.com\\\/ca\\\/localizacio\\\/\",\"url\":\"https:\\\/\\\/ovellanegramarina.com\\\/ca\\\/localizacio\\\/\",\"name\":\"Localizaci\u00f3 - Ovella Negra Marina\",\"isPartOf\":{\"@id\":\"https:\\\/\\\/ovellanegramarina.com\\\/ca\\\/#website\"},\"datePublished\":\"2017-10-17T12:10:33+00:00\",\"dateModified\":\"2023-10-25T11:54:06+00:00\",\"description\":\"Ubicaci\u00f3 de l'Ovella Negra a Barcelona. Troba'ns i gaudeix de moments inoblidables al cor de la ciutat amb els teus amics.\",\"breadcrumb\":{\"@id\":\"https:\\\/\\\/ovellanegramarina.com\\\/ca\\\/localizacio\\\/#breadcrumb\"},\"inLanguage\":\"ca\",\"potentialAction\":[{\"@type\":\"ReadAction\",\"target\":[\"https:\\\/\\\/ovellanegramarina.com\\\/ca\\\/localizacio\\\/\"]}]},{\"@type\":\"BreadcrumbList\",\"@id\":\"https:\\\/\\\/ovellanegramarina.com\\\/ca\\\/localizacio\\\/#breadcrumb\",\"itemListElement\":[{\"@type\":\"ListItem\",\"position\":1,\"name\":\"Portada\",\"item\":\"https:\\\/\\\/ovellanegramarina.com\\\/ca\\\/home\\\/\"},{\"@type\":\"ListItem\",\"position\":2,\"name\":\"Localizaci\u00f3\"}]},{\"@type\":\"WebSite\",\"@id\":\"https:\\\/\\\/ovellanegramarina.com\\\/ca\\\/#website\",\"url\":\"https:\\\/\\\/ovellanegramarina.com\\\/ca\\\/\",\"name\":\"Ovella Negra Marina\",\"description\":\"\",\"potentialAction\":[{\"@type\":\"SearchAction\",\"target\":{\"@type\":\"EntryPoint\",\"urlTemplate\":\"https:\\\/\\\/ovellanegramarina.com\\\/ca\\\/?s={search_term_string}\"},\"query-input\":{\"@type\":\"PropertyValueSpecification\",\"valueRequired\":true,\"valueName\":\"search_term_string\"}}],\"inLanguage\":\"ca\"}]}<\/script>\n<!-- \/ Yoast SEO plugin. -->","yoast_head_json":{"title":"Localizaci\u00f3 - Ovella Negra Marina","description":"Ubicaci\u00f3 de l'Ovella Negra a Barcelona. Troba'ns i gaudeix de moments inoblidables al cor de la ciutat amb els teus amics.","robots":{"index":"index","follow":"follow","max-snippet":"max-snippet:-1","max-image-preview":"max-image-preview:large","max-video-preview":"max-video-preview:-1"},"canonical":"https:\/\/ovellanegramarina.com\/ca\/localizacio\/","og_locale":"ca_ES","og_type":"article","og_title":"Localizaci\u00f3 - Ovella Negra Marina","og_description":"Ubicaci\u00f3 de l'Ovella Negra a Barcelona. Troba'ns i gaudeix de moments inoblidables al cor de la ciutat amb els teus amics.","og_url":"https:\/\/ovellanegramarina.com\/ca\/localizacio\/","og_site_name":"Ovella Negra Marina","article_modified_time":"2023-10-25T11:54:06+00:00","twitter_card":"summary_large_image","twitter_misc":{"Temps estimat de lectura":"3 minuts"},"schema":{"@context":"https:\/\/schema.org","@graph":[{"@type":"WebPage","@id":"https:\/\/ovellanegramarina.com\/ca\/localizacio\/","url":"https:\/\/ovellanegramarina.com\/ca\/localizacio\/","name":"Localizaci\u00f3 - Ovella Negra Marina","isPartOf":{"@id":"https:\/\/ovellanegramarina.com\/ca\/#website"},"datePublished":"2017-10-17T12:10:33+00:00","dateModified":"2023-10-25T11:54:06+00:00","description":"Ubicaci\u00f3 de l'Ovella Negra a Barcelona. Troba'ns i gaudeix de moments inoblidables al cor de la ciutat amb els teus amics.","breadcrumb":{"@id":"https:\/\/ovellanegramarina.com\/ca\/localizacio\/#breadcrumb"},"inLanguage":"ca","potentialAction":[{"@type":"ReadAction","target":["https:\/\/ovellanegramarina.com\/ca\/localizacio\/"]}]},{"@type":"BreadcrumbList","@id":"https:\/\/ovellanegramarina.com\/ca\/localizacio\/#breadcrumb","itemListElement":[{"@type":"ListItem","position":1,"name":"Portada","item":"https:\/\/ovellanegramarina.com\/ca\/home\/"},{"@type":"ListItem","position":2,"name":"Localizaci\u00f3"}]},{"@type":"WebSite","@id":"https:\/\/ovellanegramarina.com\/ca\/#website","url":"https:\/\/ovellanegramarina.com\/ca\/","name":"Ovella Negra Marina","description":"","potentialAction":[{"@type":"SearchAction","target":{"@type":"EntryPoint","urlTemplate":"https:\/\/ovellanegramarina.com\/ca\/?s={search_term_string}"},"query-input":{"@type":"PropertyValueSpecification","valueRequired":true,"valueName":"search_term_string"}}],"inLanguage":"ca"}]}},"_links":{"self":[{"href":"https:\/\/ovellanegramarina.com\/ca\/wp-json\/wp\/v2\/pages\/1859","targetHints":{"allow":["GET"]}}],"collection":[{"href":"https:\/\/ovellanegramarina.com\/ca\/wp-json\/wp\/v2\/pages"}],"about":[{"href":"https:\/\/ovellanegramarina.com\/ca\/wp-json\/wp\/v2\/types\/page"}],"author":[{"embeddable":true,"href":"https:\/\/ovellanegramarina.com\/ca\/wp-json\/wp\/v2\/users\/1"}],"replies":[{"embeddable":true,"href":"https:\/\/ovellanegramarina.com\/ca\/wp-json\/wp\/v2\/comments?post=1859"}],"version-history":[{"count":3,"href":"https:\/\/ovellanegramarina.com\/ca\/wp-json\/wp\/v2\/pages\/1859\/revisions"}],"predecessor-version":[{"id":2618,"href":"https:\/\/ovellanegramarina.com\/ca\/wp-json\/wp\/v2\/pages\/1859\/revisions\/2618"}],"wp:attachment":[{"href":"https:\/\/ovellanegramarina.com\/ca\/wp-json\/wp\/v2\/media?parent=1859"}],"curies":[{"name":"wp","href":"https:\/\/api.w.org\/{rel}","templated":true}]}}