{"id":1909,"date":"2023-06-07T12:53:57","date_gmt":"2023-06-07T11:53:57","guid":{"rendered":"https:\/\/ovellanegramarina2.misterads.es\/sample-page\/"},"modified":"2023-10-18T12:37:10","modified_gmt":"2023-10-18T11:37:10","slug":"avis-legal","status":"publish","type":"page","link":"https:\/\/ovellanegramarina.com\/ca\/avis-legal\/","title":{"rendered":"Av\u00eds legal"},"content":{"rendered":"\r\n<h1 style=\"text-align: center;\">AV\u00cdS LEGAL<\/h1>\r\n<p>Per donar compliment a l&#8217;article 10 de la Llei 34\/2002 de Serveis de la Societat de la Informaci\u00f3 i del Comer\u00e7 Electr\u00f2nic, informem els usuaris de les nostres dades:<\/p>\r\n<p>Denominaci\u00f3 Social: <strong>FEREN BALLANAT SLU<\/strong><\/p>\r\n<p>Domicili Social: <strong>C\/ZAMORA, 78 SOTACOBERTA 08018 BARCELONA<\/strong><\/p>\r\n<p>NIF: \u00a0<strong>B-44610087<\/strong><\/p>\r\n<p>Tel\u00e8fon: <strong>933 095 938<\/strong><\/p>\r\n<p>E-Mail<strong>: rgpd@ovellanegra.net<\/strong><\/p>\r\n<p>Web:\u00a0<strong>www.ovellanegramarina.com<\/strong><\/p>\r\n<p>Dades Registrals:\u00a0societat inscrita al Registre Mercantil de Barcelona al Tom 48687, Foli 57, Full B 592529, Inscripci\u00f3 1a.<\/p>\r\n<p>&nbsp;<\/p>\r\n<ol>\r\n<li>\r\n<h2>OBJECTE<\/h2>\r\n<\/li>\r\n<\/ol>\r\n<p><strong>FEREN BALLANAT SLU<\/strong> (Des d&#8217;ara tamb\u00e9 el prestador) com a responsable del lloc web, posa a disposici\u00f3 dels usuaris aquest document, que regula l&#8217;\u00fas del lloc web www.ovellanegramarina.com, amb qu\u00e8 pretenem donar compliment a les obligacions que disposa la Llei 34\/2002, de serveis de la Societat de la Informaci\u00f3 i del Comer\u00e7 Electr\u00f2nic (LSSICE o LSSI), aix\u00ed com informar tots els usuaris del lloc web respecte de quines s\u00f3n les condicions d\u00fas del lloc web.<\/p>\r\n<p>A trav\u00e9s del web, <strong>FEREN BALLANAT SLU<\/strong> facilita als usuaris l&#8217;acc\u00e9s i la utilitzaci\u00f3 de diferents serveis i continguts posats a disposici\u00f3 a trav\u00e9s del web.<\/p>\r\n<p>Tota persona que accedeixi a aquesta web assumeix el paper d&#8217;usuari (d&#8217;ara endavant l&#8217;usuari), i implica l&#8217;acceptaci\u00f3 total i sense reserves de totes i cadascuna de les disposicions incloses en aquest Av\u00eds Legal, aix\u00ed com qualsevol altra disposici\u00f3 legal que fos de aplicaci\u00f3.<\/p>\r\n<p>Com a usuaris, han de llegir atentament aquest Av\u00eds Legal en qualsevol de les ocasions que entrin a la web, ja que aquesta pot patir modificacions ja que el prestador es reserva el dret a modificar qualsevol tipus d&#8217;informaci\u00f3 que pogu\u00e9s apar\u00e8ixer a la web, sense que hi hagi l&#8217;obligaci\u00f3 de preavisar o posar en coneixement dels usuaris aquestes obligacions, i \u00e9s suficient la publicaci\u00f3 al lloc web del prestador.<\/p>\r\n<p>&nbsp;<\/p>\r\n<ol start=\"2\">\r\n<li>\r\n<h2>CONDICIONS D&#8217;ACC\u00c9S I \u00daS DEL WEB<\/h2>\r\n<\/li>\r\n<li>\r\n<p>2.1. Car\u00e0cter gratu\u00eft de l&#8217;acc\u00e9s i l&#8217;\u00fas de la web.<\/p>\r\n<p>L&#8217;\u00fas del web de FEREN BALLANAT SLU t\u00e9 car\u00e0cter gratu\u00eft per a tots els usuaris.<\/p>\r\n<p>2.2. Registre d&#8217;usuari.<\/p>\r\n<p>Amb car\u00e0cter general la prestaci\u00f3 dels serveis no exigeix \u200b\u200bla pr\u00e8via subscripci\u00f3 o registre dels usuaris.<\/p>\r\n<p>2.3. Veracitat de la informaci\u00f3.<\/p>\r\n<p>Tota la informaci\u00f3 que facilita l&#8217;usuari ha de ser vera\u00e7. A aquest efecte, l&#8217;Usuari garanteix l&#8217;autenticitat de les dades comunicades a trav\u00e9s dels formularis per a la subscripci\u00f3 dels serveis. Ser\u00e0 responsabilitat de l&#8217;Usuari mantenir tota la informaci\u00f3 facilitada a FEREN BALLANAT SLU permanentment actualitzada de manera que respongui, en cada moment, a la seva situaci\u00f3 real. En tot cas, l&#8217;Usuari ser\u00e0 l&#8217;\u00fanic responsable de les manifestacions falses o inexactes que faci i dels perjudicis que causi el prestador o tercers.<\/p>\r\n<p>2.4. Menors d&#8217;edat<\/p>\r\n<p>Per a l\u00fas dels serveis, els menors dedat han dobtenir sempre pr\u00e8viament el consentiment dels pares, tutors o representants legals, responsables \u00faltims de tots els actes realitzats pels menors al seu c\u00e0rrec. La responsabilitat en la determinaci\u00f3 de continguts concrets a qu\u00e8 accedeixen els menors correspon a aquells, \u00e9s per aix\u00f2 que si accedeixen a continguts no apropiats per a Internet, s&#8217;hauran d&#8217;establir als seus ordinadors mecanismes, en particular programes inform\u00e0tics, filtres i bloquejos, que permetin limitar els continguts disponibles i, encara que no siguin infal\u00b7libles, s\u00f3n d&#8217;especial utilitat per controlar i restringir els materials a qu\u00e8 poden accedir els menors.<\/p>\r\n<\/li>\r\n<\/ol>\r\n<p>\u00a0 \u00a0 \u00a0 \u00a0 \u00a0 2.5. Obligaci\u00f3 de fer \u00fas correcte de la web.<\/p>\r\n<p>\u00a0 \u00a0 \u00a0 \u00a0 \u00a0 L&#8217;Usuari es compromet a utilitzar la web de conformitat amb la Llei i aquest Av\u00eds Legal, aix\u00ed com la moral i els bons costums. En efecte, l&#8217;Usuari s&#8217;abstindr\u00e0 d&#8217;utilitzar la p\u00e0gina amb finalitats\u00a0 \u00a0 \u00a0 \u00a0 \u00a0 \u00a0il\u00b7l\u00edcites o prohibides, lesives de drets i interessos de tercers, o que de qualsevol manera puguin danyar, inutilitzar, sobrecarregar, deteriorar o impedir la utilitzaci\u00f3 normal d&#8217;equips\u00a0 \u00a0 \u00a0 \u00a0 \u00a0 \u00a0 \u00a0 \u00a0 \u00a0 \u00a0 \u00a0 \u00a0 \u00a0 \u00a0 \u00a0 inform\u00e0tics o documents, arxius i tota mena de continguts emmagatzemats en qualsevol equip inform\u00e0tic del prestador.<\/p>\r\n<p>\u00a0 \u00a0 \u00a0 \u00a0En particular, ia t\u00edtol indicatiu, per\u00f2 no exhaustiu, l&#8217;Usuari es compromet a no transmetre, difondre o posar a disposici\u00f3 de tercers informacions, dades, continguts, missatges, gr\u00e0fics, dibuixos,\u00a0 \u00a0 arxius de so o imatge, fotografies, enregistraments, programari i , en general, qualsevol classe de material que:<\/p>\r\n<p>(A) sigui contr\u00e0ria, menysprea o atempti contra els drets fonamentals i les llibertats p\u00fabliques reconegudes constitucionalment, en tractats internacionals i altres normes vigents;<\/p>\r\n<p>(B) indueixi, inciti o promogui actuacions delictives, denigrat\u00f2ries, difamat\u00f2ries, violentes o, en general, contr\u00e0ries a la llei, a la moral i l&#8217;ordre p\u00fablic;<\/p>\r\n<p>(C) indueixi, inciti o promogui actuacions, actituds o pensaments discriminatoris\u00a0per ra\u00f3 de sexe, ra\u00e7a, religi\u00f3, creences, edat o condici\u00f3;<\/p>\r\n<p>(D) sigui contrari al dret a l&#8217;honor, a la intimitat personal o familiar o la pr\u00f2pia imatge de les persones;<\/p>\r\n<p>(E) de qualsevol manera perjudiqui la credibilitat del prestador o de tercers; i<\/p>\r\n<p>(F) constitueixi publicitat il\u00b7l\u00edcita, enganyosa o deslleial.<\/p>\r\n<p>&nbsp;<\/p>\r\n<ol start=\"3\">\r\n<li>\r\n<h2>EXCLUSI\u00d3 DE GARANTIES I RESPONSABILITAT<\/h2>\r\n<\/li>\r\n<\/ol>\r\n<p>El prestador s&#8217;eximeix de qualsevol tipus de responsabilitat derivada de la informaci\u00f3 publicada al nostre lloc web, sempre que aquesta informaci\u00f3 hagi estat manipulada o introdu\u00efda per un tercer ali\u00e8.<\/p>\r\n<p>Aquesta web ha estat revisada i provada perqu\u00e8 funcioni correctament. En principi, es pot garantir el funcionament correcte els 365 dies de l&#8217;any, 24 hores al dia. Tot i aix\u00f2, el prestador no descarta la possibilitat que hi hagi determinats errors de programaci\u00f3, o que succeeixin causes de for\u00e7a major, cat\u00e0strofes naturals, vagues, o circumst\u00e0ncies semblants que facin impossible l&#8217;acc\u00e9s a la p\u00e0gina web.<\/p>\r\n<p>FEREN BALLANAT SLU no atorga cap garantia ni es fa responsable, en cap cas, dels danys i perjudicis de qualsevol naturalesa que puguin sortir a col\u00b7laci\u00f3 de la manca de disponibilitat, manteniment i efectiu funcionament de la web o dels seus serveis i continguts; de l&#8217;exist\u00e8ncia de virus, programes maliciosos o lesius als continguts; de l&#8217;\u00fas il\u00b7l\u00edcit, negligent, fraudulent o contrari a aquest Av\u00eds legal i condicions d&#8217;\u00fas; o de la manca de licitud, qualitat, fiabilitat, utilitat i disponibilitat dels serveis prestats per tercers i posats a disposici\u00f3 dels usuaris al lloc web.<\/p>\r\n<p>El prestador no es fa responsable sota cap concepte dels danys que puguin dimanar de l\u00fas il\u00b7legal o indegut de la present p\u00e0gina web.<\/p>\r\n<p>&nbsp;<\/p>\r\n<ol start=\"4\">\r\n<li>\r\n<h2>COOKIES<\/h2>\r\n<\/li>\r\n<\/ol>\r\n<p>El lloc web del prestador pot utilitzar cookies (petits fitxers d&#8217;informaci\u00f3 que el servidor envia a l&#8217;ordinador de qui accedeix a la p\u00e0gina) per dur a terme determinades funcions que s\u00f3n considerades imprescindibles per al correcte funcionament i visualitzaci\u00f3 del lloc. Les galetes utilitzades tenen, en tot cas, car\u00e0cter temporal, amb l&#8217;\u00fanica finalitat de fer m\u00e9s efica\u00e7 la navegaci\u00f3, i desapareixen en acabar la sessi\u00f3 de l&#8217;usuari. En cap cas no s&#8217;utilitzaran les cookies per recollir informaci\u00f3 de car\u00e0cter personal. per a m\u00e9s informaci\u00f3, vegeu la nostra<a href=\"https:\/\/ovellanegramarina.com\/ca\/politica-de-cookies\/\">\u00a0Pol\u00edtica de Cookies.<\/a><\/p>\r\n<ol start=\"5\">\r\n<li>\r\n<h2><i>LINKS<\/i><\/h2>\r\n<\/li>\r\n<\/ol>\r\n<p>Des del lloc web \u00e9s possible que es redirigeixi a continguts patrocinats, anuncis i\/o enlla\u00e7os d&#8217;afiliats i\/o de tercers webs.<\/p>\r\n<p>Entre els enlla\u00e7os facilitats, hi ha la possibilitat d&#8217;informar o fer refer\u00e8ncia a productes i\/o serveis de tercers. At\u00e8s que des de la web no podem controlar els continguts introdu\u00efts pels tercers, FEREN BALLANAT SLU no assumeix cap tipus de responsabilitat respecte a aquests continguts, ni garanteix l&#8217;experi\u00e8ncia, integritat o qualitat dels seus productes. En tot cas, el prestador manifesta que procedir\u00e0 a la retirada immediata de qualsevol contingut que pogu\u00e9s contravenir la legislaci\u00f3 nacional o internacional, la moral o l&#8217;ordre p\u00fablic, procedint a la retirada immediata de la redirecci\u00f3 a aquestes webs, posant en coneixement de les autoritats competents el contingut en q\u00fcesti\u00f3<\/p>\r\n<p>FEREN BALLANAT SLU tindr\u00e0 publicats aquests enlla\u00e7os fins que siguin eliminats o suspesos pel prestador o per l&#8217;anunciant, i no ser\u00e0 responsable encara que aquests anuncis puguin ser indexats per altres cercadors aliens a aquesta web.<\/p>\r\n<p>El prestador no es responsabilitza de la informaci\u00f3 i continguts emmagatzemats, a t\u00edtol enunciatiu per\u00f2 no limitatiu, en f\u00f2rums, xats, generadors de blocs, comentaris, xarxes socials o qualsevol altre mitj\u00e0 que permeti a tercers publicar continguts de forma independent a la p\u00e0gina web del prestador. No obstant aix\u00f2 i en compliment del que disposa l&#8217;art. 11 i 16 de la LSSICE, el prestador es posa a disposici\u00f3 de tots els usuaris, autoritats i forces de seguretat, i col\u00b7laborant de forma activa en la retirada o, quan calgui, el bloqueig de tots aquells continguts que puguin afectar o contravenir la legislaci\u00f3 nacional, o internacional, drets de tercers o la moral i lordre p\u00fablic. En cas que l&#8217;usuari consideri que pot existir algun contingut que pogu\u00e9s ser susceptible d&#8217;aquesta classificaci\u00f3, es prega que ho notifiqui de manera immediata a l&#8217;administrador del lloc web.<\/p>\r\n<p>Tot i aix\u00f2, FEREN BALLANAT SLU us informa que qualsevol relaci\u00f3 contractual o extracontractual que l&#8217;usuari formalitzi amb aquests tercers, afiliats o anunciants mitjan\u00e7ant el link proporcionat per aquesta web, ser\u00e0 v\u00e0lid \u00fanicament i exclusivament entre l&#8217;usuari i l&#8217;anunciant i\/o tercera persona i FEREN BALLANAT SLU no tindr\u00e0 cap tipus de responsabilitat sobre els danys o perjudicis que poguessin ser ocasionats per la prestaci\u00f3 de serveis i\/o relacions contractuals o extracontractuals realitzades entre l&#8217;usuari i els anunciants o tercers contactades a trav\u00e9s d&#8217;aquest portal ja que el prestador nom\u00e9s actua com a intermediari o mitj\u00e0 publicitari.<\/p>\r\n<p>&nbsp;<\/p>\r\n<ol start=\"6\">\r\n<li>\r\n<h2>PROTECCI\u00d3 DE DADES PERSONALS<\/h2>\r\n<\/li>\r\n<\/ol>\r\n<p>El prestador est\u00e0 profundament comprom\u00e8s amb el compliment de la normativa de protecci\u00f3 de dades personals i garanteix el compliment \u00edntegre de les obligacions disposades, aix\u00ed com la implementaci\u00f3 de les mesures de seguretat disposades al Reglament Europeu de Protecci\u00f3 de dades i la normativa espanyola de protecci\u00f3 de dades. Per a m\u00e9s informaci\u00f3, vegeu la nostra\u00a0<a href=\"https:\/\/ovellanegramarina.com\/politica-de-privacidad\/\">Pol\u00edtica de Privadesa\u00a0.<\/a><\/p>\r\n<ol start=\"7\">\r\n<li>\r\n<h2>PROPIETAT INTEL\u00b7LECTUAL I INDUSTRIAL<\/h2>\r\n<\/li>\r\n<\/ol>\r\n<p>El lloc web, incloent-hi a t\u00edtol enunciatiu, per\u00f2 no limitatiu: la programaci\u00f3, edici\u00f3, compilaci\u00f3 i altres elements necessaris per al seu funcionament, els dissenys, logotips, textos, fotografies i\/o gr\u00e0fics s\u00f3n propietat del prestador o, en cas que fos necessari, disposa de la llic\u00e8ncia o autoritzaci\u00f3 expressa per part dels autors. Tots els continguts del lloc web estan degudament protegits per la normativa de propietat intel\u00b7lectual i industrial.<\/p>\r\n<p>Independentment de la finalitat per a la qual fossin destinats, la reproducci\u00f3 total o parcial, \u00fas, distribuci\u00f3 i comunicaci\u00f3 p\u00fablica requereixen l&#8217;autoritzaci\u00f3 escrita pr\u00e8via per part del prestador. Qualsevol \u00fas no autoritzat pr\u00e8viament per part del prestador ser\u00e0 considerat un incompliment greu dels drets de propietat intel\u00b7lectual o industrial de lautor.<\/p>\r\n<p>Els dissenys, logotips, text i\/o gr\u00e0fics aliens al prestador i que puguin apar\u00e8ixer al lloc web, pertanyen als seus respectius propietaris, sent ells mateixos responsables de qualsevol possible controv\u00e8rsia que pogu\u00e9s esdevenir respecte a aquests. En tot cas, el prestador compta amb lautoritzaci\u00f3 expressa i pr\u00e8via per part dels mateixos.<\/p>\r\n<p>El prestador reconeix a favor dels seus titulars els corresponents drets de propietat industrial i intel\u00b7lectual, i no implica la menci\u00f3 o aparici\u00f3 al lloc web, de l&#8217;exist\u00e8ncia de drets o responsabilitat del prestador sobre aquests, com tampoc suport, patrocini o recomanaci\u00f3 per part del mateix.<\/p>\r\n<p>Per fer qualsevol tipus d&#8217;observaci\u00f3 respecte a possibles incompliments dels drets de propietat intel\u00b7lectual o industrial, aix\u00ed com sobre qualsevol dels continguts del lloc web, ho podeu fer a trav\u00e9s del correu electr\u00f2nic a dalt ressenyat.<\/p>\r\n<p>&nbsp;<\/p>\r\n<ol start=\"8\">\r\n<li>\r\n<h2>LLEI APLICABLE I JURISDICCI\u00d3<\/h2>\r\n<\/li>\r\n<\/ol>\r\n<p>Per a la resoluci\u00f3 de les controv\u00e8rsies o q\u00fcestions relacionades amb aquesta p\u00e0gina web o de les activitats en aquesta desenvolupades, ser\u00e0 aplicable la legislaci\u00f3 espanyola, a la qual se sotmeten expressament les parts, sent competents per a la resoluci\u00f3 de tots els conflictes derivats o relacionats amb el seu \u00fas els Jutjats i els Tribunals de Barcelona.<\/p>\r\n","protected":false},"excerpt":{"rendered":"<p>AV\u00cdS LEGAL Per donar compliment a l&#8217;article 10 de la Llei 34\/2002 de Serveis de la Societat de la Informaci\u00f3 i del Comer\u00e7 Electr\u00f2nic, informem els usuaris de les nostres [&hellip;]<\/p>\n","protected":false},"author":1,"featured_media":0,"parent":0,"menu_order":0,"comment_status":"closed","ping_status":"open","template":"","meta":{"footnotes":""},"class_list":["post-1909","page","type-page","status-publish","hentry"],"yoast_head":"<!-- This site is optimized with the Yoast SEO plugin v27.3 - https:\/\/yoast.com\/product\/yoast-seo-wordpress\/ -->\n<title>Av\u00eds legal - Ovella Negra Marina<\/title>\n<meta name=\"robots\" content=\"index, follow, max-snippet:-1, max-image-preview:large, max-video-preview:-1\" \/>\n<link rel=\"canonical\" href=\"https:\/\/ovellanegramarina.com\/ca\/avis-legal\/\" \/>\n<meta property=\"og:locale\" content=\"ca_ES\" \/>\n<meta property=\"og:type\" content=\"article\" \/>\n<meta property=\"og:title\" content=\"Av\u00eds legal - Ovella Negra Marina\" \/>\n<meta property=\"og:description\" content=\"AV\u00cdS LEGAL Per donar compliment a l&#8217;article 10 de la Llei 34\/2002 de Serveis de la Societat de la Informaci\u00f3 i del Comer\u00e7 Electr\u00f2nic, informem els usuaris de les nostres [&hellip;]\" \/>\n<meta property=\"og:url\" content=\"https:\/\/ovellanegramarina.com\/ca\/avis-legal\/\" \/>\n<meta property=\"og:site_name\" content=\"Ovella Negra Marina\" \/>\n<meta property=\"article:modified_time\" content=\"2023-10-18T11:37:10+00:00\" \/>\n<meta name=\"twitter:card\" content=\"summary_large_image\" \/>\n<meta name=\"twitter:label1\" content=\"Temps estimat de lectura\" \/>\n\t<meta name=\"twitter:data1\" content=\"9 minuts\" \/>\n<script type=\"application\/ld+json\" class=\"yoast-schema-graph\">{\"@context\":\"https:\\\/\\\/schema.org\",\"@graph\":[{\"@type\":\"WebPage\",\"@id\":\"https:\\\/\\\/ovellanegramarina.com\\\/ca\\\/avis-legal\\\/\",\"url\":\"https:\\\/\\\/ovellanegramarina.com\\\/ca\\\/avis-legal\\\/\",\"name\":\"Av\u00eds legal - Ovella Negra Marina\",\"isPartOf\":{\"@id\":\"https:\\\/\\\/ovellanegramarina.com\\\/ca\\\/#website\"},\"datePublished\":\"2023-06-07T11:53:57+00:00\",\"dateModified\":\"2023-10-18T11:37:10+00:00\",\"breadcrumb\":{\"@id\":\"https:\\\/\\\/ovellanegramarina.com\\\/ca\\\/avis-legal\\\/#breadcrumb\"},\"inLanguage\":\"ca\",\"potentialAction\":[{\"@type\":\"ReadAction\",\"target\":[\"https:\\\/\\\/ovellanegramarina.com\\\/ca\\\/avis-legal\\\/\"]}]},{\"@type\":\"BreadcrumbList\",\"@id\":\"https:\\\/\\\/ovellanegramarina.com\\\/ca\\\/avis-legal\\\/#breadcrumb\",\"itemListElement\":[{\"@type\":\"ListItem\",\"position\":1,\"name\":\"Portada\",\"item\":\"https:\\\/\\\/ovellanegramarina.com\\\/ca\\\/home\\\/\"},{\"@type\":\"ListItem\",\"position\":2,\"name\":\"Av\u00eds legal\"}]},{\"@type\":\"WebSite\",\"@id\":\"https:\\\/\\\/ovellanegramarina.com\\\/ca\\\/#website\",\"url\":\"https:\\\/\\\/ovellanegramarina.com\\\/ca\\\/\",\"name\":\"Ovella Negra Marina\",\"description\":\"\",\"potentialAction\":[{\"@type\":\"SearchAction\",\"target\":{\"@type\":\"EntryPoint\",\"urlTemplate\":\"https:\\\/\\\/ovellanegramarina.com\\\/ca\\\/?s={search_term_string}\"},\"query-input\":{\"@type\":\"PropertyValueSpecification\",\"valueRequired\":true,\"valueName\":\"search_term_string\"}}],\"inLanguage\":\"ca\"}]}<\/script>\n<!-- \/ Yoast SEO plugin. -->","yoast_head_json":{"title":"Av\u00eds legal - Ovella Negra Marina","robots":{"index":"index","follow":"follow","max-snippet":"max-snippet:-1","max-image-preview":"max-image-preview:large","max-video-preview":"max-video-preview:-1"},"canonical":"https:\/\/ovellanegramarina.com\/ca\/avis-legal\/","og_locale":"ca_ES","og_type":"article","og_title":"Av\u00eds legal - Ovella Negra Marina","og_description":"AV\u00cdS LEGAL Per donar compliment a l&#8217;article 10 de la Llei 34\/2002 de Serveis de la Societat de la Informaci\u00f3 i del Comer\u00e7 Electr\u00f2nic, informem els usuaris de les nostres [&hellip;]","og_url":"https:\/\/ovellanegramarina.com\/ca\/avis-legal\/","og_site_name":"Ovella Negra Marina","article_modified_time":"2023-10-18T11:37:10+00:00","twitter_card":"summary_large_image","twitter_misc":{"Temps estimat de lectura":"9 minuts"},"schema":{"@context":"https:\/\/schema.org","@graph":[{"@type":"WebPage","@id":"https:\/\/ovellanegramarina.com\/ca\/avis-legal\/","url":"https:\/\/ovellanegramarina.com\/ca\/avis-legal\/","name":"Av\u00eds legal - Ovella Negra Marina","isPartOf":{"@id":"https:\/\/ovellanegramarina.com\/ca\/#website"},"datePublished":"2023-06-07T11:53:57+00:00","dateModified":"2023-10-18T11:37:10+00:00","breadcrumb":{"@id":"https:\/\/ovellanegramarina.com\/ca\/avis-legal\/#breadcrumb"},"inLanguage":"ca","potentialAction":[{"@type":"ReadAction","target":["https:\/\/ovellanegramarina.com\/ca\/avis-legal\/"]}]},{"@type":"BreadcrumbList","@id":"https:\/\/ovellanegramarina.com\/ca\/avis-legal\/#breadcrumb","itemListElement":[{"@type":"ListItem","position":1,"name":"Portada","item":"https:\/\/ovellanegramarina.com\/ca\/home\/"},{"@type":"ListItem","position":2,"name":"Av\u00eds legal"}]},{"@type":"WebSite","@id":"https:\/\/ovellanegramarina.com\/ca\/#website","url":"https:\/\/ovellanegramarina.com\/ca\/","name":"Ovella Negra Marina","description":"","potentialAction":[{"@type":"SearchAction","target":{"@type":"EntryPoint","urlTemplate":"https:\/\/ovellanegramarina.com\/ca\/?s={search_term_string}"},"query-input":{"@type":"PropertyValueSpecification","valueRequired":true,"valueName":"search_term_string"}}],"inLanguage":"ca"}]}},"_links":{"self":[{"href":"https:\/\/ovellanegramarina.com\/ca\/wp-json\/wp\/v2\/pages\/1909","targetHints":{"allow":["GET"]}}],"collection":[{"href":"https:\/\/ovellanegramarina.com\/ca\/wp-json\/wp\/v2\/pages"}],"about":[{"href":"https:\/\/ovellanegramarina.com\/ca\/wp-json\/wp\/v2\/types\/page"}],"author":[{"embeddable":true,"href":"https:\/\/ovellanegramarina.com\/ca\/wp-json\/wp\/v2\/users\/1"}],"replies":[{"embeddable":true,"href":"https:\/\/ovellanegramarina.com\/ca\/wp-json\/wp\/v2\/comments?post=1909"}],"version-history":[{"count":4,"href":"https:\/\/ovellanegramarina.com\/ca\/wp-json\/wp\/v2\/pages\/1909\/revisions"}],"predecessor-version":[{"id":1911,"href":"https:\/\/ovellanegramarina.com\/ca\/wp-json\/wp\/v2\/pages\/1909\/revisions\/1911"}],"wp:attachment":[{"href":"https:\/\/ovellanegramarina.com\/ca\/wp-json\/wp\/v2\/media?parent=1909"}],"curies":[{"name":"wp","href":"https:\/\/api.w.org\/{rel}","templated":true}]}}